{"id":106,"date":"2021-09-14T13:15:10","date_gmt":"2021-09-14T12:15:10","guid":{"rendered":"https:\/\/www.umbrella-company.uk\/?page_id=106"},"modified":"2023-03-11T10:54:40","modified_gmt":"2023-03-11T10:54:40","slug":"liste-hmrc-zugelassener-schirm-unternehmen","status":"publish","type":"page","link":"https:\/\/www.umbrella-company.uk\/de\/liste-hmrc-zugelassener-schirm-unternehmen\/","title":{"rendered":"Liste der vom HMRC genehmigten Umbrella Companies?"},"content":{"rendered":"<p>Suchen Sie nach der endg\u00fcltigen Liste der von der HMRC zugelassenen Umbrella-Unternehmen?  Dann haben Sie Gl\u00fcck, denn Sie sind hier genau richtig.<\/p>\n\n\n\n<!--more-->\n\n\n\n<p>Hier ist die Liste, sie enth\u00e4lt genau NULL Eintr\u00e4ge und wird sich wahrscheinlich in n\u00e4chster Zeit nicht \u00e4ndern.  <a href=\"https:\/\/www.gov.uk\/guidance\/working-through-an-umbrella-company\" target=\"_blank\" rel=\"noreferrer noopener\">Die HMRC billigt oder unterst\u00fctzt keine Umbrella-Gesellschaft<\/a>.  Der FCSA und der Professional Passport sind keine offiziellen Akkreditierungen (von der Regierung anerkannt), und die Mitgliedschaft hat f\u00fcr das HMRC keinerlei Bedeutung.  Die HMRC beh\u00e4lt sich das Recht vor, die T\u00e4tigkeit eines Umbrella-Unternehmens als Arbeitgeber zu untersuchen und zu \u00fcberwachen, unabh\u00e4ngig davon, was der Umbrella Ihnen sagt.<\/p>\n\n\n\n<p>Kurz gesagt, es gibt keine Liste der vom HMRC zugelassenen Umbrella Companies.  Wir hoffen, dass dies hilft.<\/p>","protected":false},"excerpt":{"rendered":"<p>Suchen Sie nach der endg\u00fcltigen Liste der von der HMRC zugelassenen Umbrella-Unternehmen? Nun, Sie haben Gl\u00fcck, Sie sind auf jeden Fall am richtigen Ort.<\/p>","protected":false},"author":1,"featured_media":0,"parent":0,"menu_order":0,"comment_status":"closed","ping_status":"closed","template":"","meta":{"footnotes":""},"class_list":["post-106","page","type-page","status-publish","hentry"],"_links":{"self":[{"href":"https:\/\/www.umbrella-company.uk\/de\/wp-json\/wp\/v2\/pages\/106","targetHints":{"allow":["GET"]}}],"collection":[{"href":"https:\/\/www.umbrella-company.uk\/de\/wp-json\/wp\/v2\/pages"}],"about":[{"href":"https:\/\/www.umbrella-company.uk\/de\/wp-json\/wp\/v2\/types\/page"}],"author":[{"embeddable":true,"href":"https:\/\/www.umbrella-company.uk\/de\/wp-json\/wp\/v2\/users\/1"}],"replies":[{"embeddable":true,"href":"https:\/\/www.umbrella-company.uk\/de\/wp-json\/wp\/v2\/comments?post=106"}],"version-history":[{"count":0,"href":"https:\/\/www.umbrella-company.uk\/de\/wp-json\/wp\/v2\/pages\/106\/revisions"}],"wp:attachment":[{"href":"https:\/\/www.umbrella-company.uk\/de\/wp-json\/wp\/v2\/media?parent=106"}],"curies":[{"name":"wp","href":"https:\/\/api.w.org\/{rel}","templated":true}]}}