{"id":90,"date":"2021-08-18T12:17:39","date_gmt":"2021-08-18T11:17:39","guid":{"rendered":"https:\/\/www.umbrella-company.uk\/?page_id=90"},"modified":"2023-03-11T10:54:05","modified_gmt":"2023-03-11T10:54:05","slug":"ein-fcsa-akkreditiertes-umbreaking-unternehmen-finden","status":"publish","type":"page","link":"https:\/\/www.umbrella-company.uk\/de\/ein-fcsa-akkreditiertes-umbreaking-unternehmen-finden\/","title":{"rendered":"Eine FCSA-akkreditierte Dachgesellschaft finden?"},"content":{"rendered":"<p>Suchen Sie einen FCSA-Dachverband?  Die Agentur PSL besteht darauf, nur FCSA einzusetzen? In der folgenden Liste finden Sie FCSA-akkreditierte Umbrella-Unternehmen, die Ihnen helfen k\u00f6nnen.<\/p>\n\n\n\n<!--more-->\n\n\n\n<figure class=\"wp-block-table\"><table><tbody><tr><td>20\/20 Buchhaltung<\/td><\/tr><tr><td>Vorschuss<\/td><\/tr><tr><td>Verbl\u00fcffen Sie<\/td><\/tr><tr><td>Azebra<\/td><\/tr><tr><td>Schwarzer Diamant<\/td><\/tr><tr><td>Blauer Vogel Buchhaltung<\/td><\/tr><tr><td>Boox<\/td><\/tr><tr><td>Bright Sky Contracting<\/td><\/tr><tr><td>Brookson Eins<\/td><\/tr><tr><td>Carrington<\/td><\/tr><tr><td>Champion Bauunternehmer<\/td><\/tr><tr><td>Churchillknight &amp; Associates Ltd.<\/td><\/tr><tr><td>Churchillknight Regenschirm<\/td><\/tr><tr><td>Klarheit<\/td><\/tr><tr><td>Clearsky Auftragnehmer Buchhaltung<\/td><\/tr><tr><td>Clipper Contracting Gruppe Ltd<\/td><\/tr><tr><td>Bauunternehmer Regenschirm<\/td><\/tr><tr><td>Kamm Plus<\/td><\/tr><tr><td>CWCSolutions<\/td><\/tr><tr><td>Danbro<\/td><\/tr><tr><td>DASA Regenschirm<\/td><\/tr><tr><td>DNS Accounting Group<\/td><\/tr><tr><td>Dolan Buchhaltung<\/td><\/tr><tr><td>Eden-Gruppe<\/td><\/tr><tr><td>Genaue Gehaltsabrechnung<\/td><\/tr><tr><td>Exchequer-L\u00f6sungen<\/td><\/tr><tr><td>Fair Pay Dienstleistungen<\/td><\/tr><tr><td>Erste freiberufliche T\u00e4tigkeit<\/td><\/tr><tr><td>Fokussiert<\/td><\/tr><tr><td>Fore:Two [Gruppe]<\/td><\/tr><tr><td>Erzeugen Sie<\/td><\/tr><tr><td>Riese<\/td><\/tr><tr><td>Global Challenge Umbrella Services<\/td><\/tr><tr><td>Granit BPO<\/td><\/tr><tr><td>husp<\/td><\/tr><tr><td>iConsult<\/td><\/tr><tr><td>ICS Buchhaltung<\/td><\/tr><tr><td>InTouch<\/td><\/tr><tr><td>JSA Beratung<\/td><\/tr><tr><td>Schl\u00fcssel<\/td><\/tr><tr><td>Liquid Friday<\/td><\/tr><tr><td>Mango Pay<\/td><\/tr><tr><td>Mortimer Childe<\/td><\/tr><tr><td>MyAccountant.co.uk<\/td><\/tr><tr><td>MyPay<\/td><\/tr><tr><td>nasa<\/td><\/tr><tr><td>Nixon Williams<\/td><\/tr><tr><td>Keine Sorgen Regenschirm<\/td><\/tr><tr><td>Numbermill<\/td><\/tr><tr><td>NWM<\/td><\/tr><tr><td>Oase Regenschirm<\/td><\/tr><tr><td>Orange Genie<\/td><\/tr><tr><td>Orbital<\/td><\/tr><tr><td>Sonnenschirm<\/td><\/tr><tr><td>Payme<\/td><\/tr><tr><td>Zahlungen Pro<\/td><\/tr><tr><td>Paystream<\/td><\/tr><tr><td>Pendragon-Beratung<\/td><\/tr><tr><td>Sapphire<\/td><\/tr><tr><td>SD Payroll Dienstleistungen<\/td><\/tr><tr><td>SG SG<\/td><\/tr><tr><td>SJD Buchhaltung<\/td><\/tr><tr><td>Intelligente Arbeit<\/td><\/tr><tr><td>SSC Dienstleistungen<\/td><\/tr><tr><td>Sterling<\/td><\/tr><tr><td>Die Indigo-Gruppe<\/td><\/tr><tr><td>Trafalgar<\/td><\/tr><tr><td>Umbrella Company UK<\/td><\/tr><tr><td>regenschirm.de<\/td><\/tr><tr><td>Umbrellaphant Limited<\/td><\/tr><tr><td>Wir Vertrag<\/td><\/tr><tr><td>Workr<\/td><\/tr><\/tbody><\/table><\/figure>\n\n\n\n<figure class=\"wp-block-table\"><table><tbody><tr><td>20\/20 Buchhaltung<\/td><\/tr><tr><td>Vorschuss<\/td><\/tr><tr><td>Verbl\u00fcffen Sie<\/td><\/tr><tr><td>Azebra<\/td><\/tr><tr><td>Schwarzer Diamant<\/td><\/tr><tr><td>Blauer Vogel Buchhaltung<\/td><\/tr><tr><td>Boox<\/td><\/tr><tr><td>Bright Sky Contracting<\/td><\/tr><tr><td>Brookson Eins<\/td><\/tr><tr><td>Carrington<\/td><\/tr><tr><td>Champion Bauunternehmer<\/td><\/tr><tr><td>Churchillknight &amp; Associates Ltd.<\/td><\/tr><tr><td>Churchillknight Regenschirm<\/td><\/tr><tr><td>Klarheit<\/td><\/tr><tr><td>Clearsky Auftragnehmer Buchhaltung<\/td><\/tr><tr><td>Clipper Contracting Gruppe Ltd<\/td><\/tr><tr><td>Bauunternehmer Regenschirm<\/td><\/tr><tr><td>Kamm Plus<\/td><\/tr><tr><td>CWCSolutions<\/td><\/tr><tr><td>Danbro<\/td><\/tr><tr><td>DASA Regenschirm<\/td><\/tr><tr><td>DNS Accounting Group<\/td><\/tr><tr><td>Dolan Buchhaltung<\/td><\/tr><tr><td>Eden-Gruppe<\/td><\/tr><tr><td>Genaue Gehaltsabrechnung<\/td><\/tr><tr><td>Exchequer-L\u00f6sungen<\/td><\/tr><tr><td>Fair Pay Dienstleistungen<\/td><\/tr><tr><td>Erste freiberufliche T\u00e4tigkeit<\/td><\/tr><tr><td>Fokussiert<\/td><\/tr><tr><td>Fore:Two [Gruppe]<\/td><\/tr><tr><td>Erzeugen Sie<\/td><\/tr><tr><td>Riese<\/td><\/tr><tr><td>Global Challenge Umbrella Services<\/td><\/tr><tr><td>Granit BPO<\/td><\/tr><tr><td>husp<\/td><\/tr><tr><td>iConsult<\/td><\/tr><tr><td>ICS Buchhaltung<\/td><\/tr><tr><td>InTouch<\/td><\/tr><tr><td>JSA Beratung<\/td><\/tr><tr><td>Schl\u00fcssel<\/td><\/tr><tr><td>Liquid Friday<\/td><\/tr><tr><td>Mango Pay<\/td><\/tr><tr><td>Mortimer Childe<\/td><\/tr><tr><td>MyAccountant.co.uk<\/td><\/tr><tr><td>MyPay<\/td><\/tr><tr><td>nasa<\/td><\/tr><tr><td>Nixon Williams<\/td><\/tr><tr><td>Keine Sorgen Regenschirm<\/td><\/tr><tr><td>Numbermill<\/td><\/tr><tr><td>NWM<\/td><\/tr><tr><td>Oase Regenschirm<\/td><\/tr><tr><td>Orange Genie<\/td><\/tr><tr><td>Orbital<\/td><\/tr><tr><td>Sonnenschirm<\/td><\/tr><tr><td>Payme<\/td><\/tr><tr><td>Zahlungen Pro<\/td><\/tr><tr><td>Paystream<\/td><\/tr><tr><td>Pendragon-Beratung<\/td><\/tr><tr><td>Sapphire<\/td><\/tr><tr><td>SD Payroll Dienstleistungen<\/td><\/tr><tr><td>SG SG<\/td><\/tr><tr><td>SJD Buchhaltung<\/td><\/tr><tr><td>Intelligente Arbeit<\/td><\/tr><tr><td>SSC Dienstleistungen<\/td><\/tr><tr><td>Sterling<\/td><\/tr><tr><td>Die Indigo-Gruppe<\/td><\/tr><tr><td>Trafalgar<\/td><\/tr><tr><td>Umbrella Company UK<\/td><\/tr><tr><td>regenschirm.de<\/td><\/tr><tr><td>Umbrellaphant Limited<\/td><\/tr><tr><td>Wir Vertrag<\/td><\/tr><tr><td>Workr<\/td><\/tr><\/tbody><\/table><\/figure>\n\n\n\n<p>Wir haben diese Liste nach bestem Wissen und Gewissen auf der Grundlage \u00f6ffentlich zug\u00e4nglicher Informationen zusammengestellt.  Die obige FCSA-Liste war zum Zeitpunkt der Ver\u00f6ffentlichung korrekt, kann sich aber im Laufe der Zeit \u00e4ndern. Wir empfehlen immer, das FCSA-Register zu \u00fcberpr\u00fcfen, um sicherzugehen, dass eine Akkreditierung vorliegt, bevor Sie die Dienste einer Dachgesellschaft in Anspruch nehmen, die behauptet, ein FCSA-Mitglied zu sein. <\/p>","protected":false},"excerpt":{"rendered":"<p>Suchen Sie nach einem FCSA-Umbrella? Die Agentur PSL besteht darauf, nur FCSA zu verwenden? Die folgende Liste enth\u00e4lt FCSA-akkreditierte Umbrella-Unternehmen, die Ihnen helfen k\u00f6nnen sollten.<\/p>","protected":false},"author":1,"featured_media":0,"parent":0,"menu_order":0,"comment_status":"closed","ping_status":"closed","template":"","meta":{"footnotes":""},"class_list":["post-90","page","type-page","status-publish","hentry"],"_links":{"self":[{"href":"https:\/\/www.umbrella-company.uk\/de\/wp-json\/wp\/v2\/pages\/90","targetHints":{"allow":["GET"]}}],"collection":[{"href":"https:\/\/www.umbrella-company.uk\/de\/wp-json\/wp\/v2\/pages"}],"about":[{"href":"https:\/\/www.umbrella-company.uk\/de\/wp-json\/wp\/v2\/types\/page"}],"author":[{"embeddable":true,"href":"https:\/\/www.umbrella-company.uk\/de\/wp-json\/wp\/v2\/users\/1"}],"replies":[{"embeddable":true,"href":"https:\/\/www.umbrella-company.uk\/de\/wp-json\/wp\/v2\/comments?post=90"}],"version-history":[{"count":0,"href":"https:\/\/www.umbrella-company.uk\/de\/wp-json\/wp\/v2\/pages\/90\/revisions"}],"wp:attachment":[{"href":"https:\/\/www.umbrella-company.uk\/de\/wp-json\/wp\/v2\/media?parent=90"}],"curies":[{"name":"wp","href":"https:\/\/api.w.org\/{rel}","templated":true}]}}