{"id":98,"date":"2021-08-18T12:33:37","date_gmt":"2021-08-18T11:33:37","guid":{"rendered":"https:\/\/www.umbrella-company.uk\/?page_id=98"},"modified":"2023-03-11T10:53:48","modified_gmt":"2023-03-11T10:53:48","slug":"finden-sie-einen-professionellen-akkreditierten-passport-dachverband","status":"publish","type":"page","link":"https:\/\/www.umbrella-company.uk\/de\/finden-sie-einen-professionellen-akkreditierten-passport-dachverband\/","title":{"rendered":"Ein professionelles, von Passport akkreditiertes Regenschirmunternehmen finden?"},"content":{"rendered":"<p>Suchen Sie einen Professional Passport Umbrella?  Die Agentur PSL besteht darauf, Dachunternehmen zu beauftragen, die \u00fcber eine Professional Passport-Akkreditierung verf\u00fcgen? In der folgenden Liste finden Sie akkreditierte Professional Passport Umbrella Companies, die Ihnen helfen k\u00f6nnen.<\/p>\n\n\n\n<!--more-->\n\n\n\n<figure class=\"wp-block-table\"><table><tbody><tr><td>1. Wahl Regenschirm<\/td><\/tr><tr><td>Abacus<\/td><\/tr><tr><td>Buchhaltung Partner<\/td><\/tr><tr><td>Agile Bezahlung<\/td><\/tr><tr><td>Azure Global<\/td><\/tr><tr><td>Big Fish Gruppe<\/td><\/tr><tr><td>Bishopsgate<\/td><\/tr><tr><td>Heller Himmel<\/td><\/tr><tr><td>Kompass<\/td><\/tr><tr><td>Competex Pro<\/td><\/tr><tr><td>Bauunternehmer-Ecke<\/td><\/tr><tr><td>Bauunternehmer-Crowd<\/td><\/tr><tr><td>Zentrale Finanzverwaltung<\/td><\/tr><tr><td>DASA Regenschirm<\/td><\/tr><tr><td>DMHR<\/td><\/tr><tr><td>DNS<\/td><\/tr><tr><td>Edward Thomas<\/td><\/tr><tr><td>ePayMe<\/td><\/tr><tr><td>Entwickeln Sie die CS-Gruppe<\/td><\/tr><tr><td>Outsourcing \u00fcberschreiten<\/td><\/tr><tr><td>EZ PAYE<\/td><\/tr><tr><td>Fair Pay Dienstleistungen<\/td><\/tr><tr><td>FastPay<\/td><\/tr><tr><td>Fruition Outsourcing GmbH<\/td><\/tr><tr><td>Granit bpo<\/td><\/tr><tr><td>Gr\u00fcne Laterne<\/td><\/tr><tr><td>Hargenant Accounts Limited<\/td><\/tr><tr><td>Bienenstock Regenschirm<\/td><\/tr><tr><td>iConsult<\/td><\/tr><tr><td>I-PAYE GmbH<\/td><\/tr><tr><td>IPS Umbrella Limited<\/td><\/tr><tr><td>IWOP<\/td><\/tr><tr><td>JMK<\/td><\/tr><tr><td>Kontraktor verbinden<\/td><\/tr><tr><td>Lesters<\/td><\/tr><tr><td>Minze<\/td><\/tr><tr><td>Gegenseitige Gruppe<\/td><\/tr><tr><td>MyPay+<\/td><\/tr><tr><td>Oase Regenschirm<\/td><\/tr><tr><td>Einmal klicken Gruppe<\/td><\/tr><tr><td>Optimum Pay Group<\/td><\/tr><tr><td>Orbital-Gruppe<\/td><\/tr><tr><td>Ovations Regenschirm<\/td><\/tr><tr><td>Paico Regenschirm<\/td><\/tr><tr><td>Paybrella<\/td><\/tr><tr><td>Payme<\/td><\/tr><tr><td>Pendragon<\/td><\/tr><tr><td>Menschen<\/td><\/tr><tr><td>Plus<\/td><\/tr><tr><td>Propaye<\/td><\/tr><tr><td>Quay Umbrella Solutios<\/td><\/tr><tr><td>Reliasys<\/td><\/tr><tr><td>Ricson Dienstleistungen<\/td><\/tr><tr><td>RM Business<\/td><\/tr><tr><td>SDP (Same Day Pay) Umbrella<\/td><\/tr><tr><td>SJ Lohn<\/td><\/tr><tr><td>Sozialarbeit Arbeitsvermittlung<\/td><\/tr><tr><td>Swann Wirtschaftspr\u00fcfer<\/td><\/tr><tr><td>Team Platin Regenschirm<\/td><\/tr><tr><td>Die Bauunternehmer-Kooperative<\/td><\/tr><tr><td>TJW<\/td><\/tr><tr><td>Ultra<\/td><\/tr><tr><td>Unicorn Development L\u00f6sungen<\/td><\/tr><tr><td>Universal-Regenschirm<\/td><\/tr><tr><td>Westlakes Regenschirm<\/td><\/tr><\/tbody><\/table><\/figure>\n\n\n\n<p>Wir haben diese Liste in gutem Glauben auf der Grundlage \u00f6ffentlich zug\u00e4nglicher Informationen zusammengestellt.  Die obige Professional Passport-Liste war zum Zeitpunkt der Ver\u00f6ffentlichung korrekt, kann sich aber im Laufe der Zeit \u00e4ndern. Wir empfehlen immer, das Professional Passport-Register zu \u00fcberpr\u00fcfen, um sicherzugehen, dass eine Akkreditierung vorliegt, bevor Sie die Dienste einer Dachgesellschaft in Anspruch nehmen, die behauptet, ein PP-Mitglied zu sein. <\/p>","protected":false},"excerpt":{"rendered":"<p>Suchen Sie einen professionellen Passschirm? Die Agentur PSL besteht darauf, Dachunternehmen einzusetzen, die \u00fcber eine Professional Passport-Akkreditierung verf\u00fcgen? In der folgenden Liste sind die von Professional Passport akkreditierten Dachunternehmen aufgef\u00fchrt, die Ihnen helfen k\u00f6nnen.<\/p>","protected":false},"author":1,"featured_media":0,"parent":0,"menu_order":0,"comment_status":"closed","ping_status":"closed","template":"","meta":{"footnotes":""},"class_list":["post-98","page","type-page","status-publish","hentry"],"_links":{"self":[{"href":"https:\/\/www.umbrella-company.uk\/de\/wp-json\/wp\/v2\/pages\/98","targetHints":{"allow":["GET"]}}],"collection":[{"href":"https:\/\/www.umbrella-company.uk\/de\/wp-json\/wp\/v2\/pages"}],"about":[{"href":"https:\/\/www.umbrella-company.uk\/de\/wp-json\/wp\/v2\/types\/page"}],"author":[{"embeddable":true,"href":"https:\/\/www.umbrella-company.uk\/de\/wp-json\/wp\/v2\/users\/1"}],"replies":[{"embeddable":true,"href":"https:\/\/www.umbrella-company.uk\/de\/wp-json\/wp\/v2\/comments?post=98"}],"version-history":[{"count":0,"href":"https:\/\/www.umbrella-company.uk\/de\/wp-json\/wp\/v2\/pages\/98\/revisions"}],"wp:attachment":[{"href":"https:\/\/www.umbrella-company.uk\/de\/wp-json\/wp\/v2\/media?parent=98"}],"curies":[{"name":"wp","href":"https:\/\/api.w.org\/{rel}","templated":true}]}}