{"id":102,"date":"2021-08-25T15:56:38","date_gmt":"2021-08-25T14:56:38","guid":{"rendered":"https:\/\/www.umbrella-company.uk\/?page_id=102"},"modified":"2023-03-11T10:55:23","modified_gmt":"2023-03-11T10:55:23","slug":"cual-es-la-diferencia-entre-una-empresa-paraguas-acreditada-y-una-no-acreditada","status":"publish","type":"page","link":"https:\/\/www.umbrella-company.uk\/es\/cual-es-la-diferencia-entre-una-empresa-paraguas-acreditada-y-una-no-acreditada\/","title":{"rendered":"\u00bfCu\u00e1l es la diferencia entre una empresa paraguas acreditada y una no acreditada?"},"content":{"rendered":"<p>Esto siempre resulta ser una gran sorpresa para mucha gente, despu\u00e9s de todo FCSA y Pasaporte Profesional suenan tan oficiales pero en realidad no hay ninguna diferencia entre estar acreditado y no acreditado.  No hay ning\u00fan organismo oficial o acreditaci\u00f3n para las empresas paraguas, HMRC nunca respaldar\u00e1 a ninguna empresa paraguas sin importar su estado de acreditaci\u00f3n, son expl\u00edcitos en esto.<\/p>\n\n\n\n<!--more-->\n\n\n\n<p><strong>Entonces, \u00bfpor qu\u00e9 se ha impuesto la FCSA?<\/strong> La FCSA se parece mucho a la FSCA (Autoridad de Conducta de los Servicios Financieros), pero en realidad fue creada por varias de las mayores empresas paraguas, que en esencia crearon su propia acreditaci\u00f3n.  Al tener una cuota de mercado tan grande, dispusieron de la influencia y el presupuesto de marketing para promocionarla en la cadena de suministro hasta el punto en el que nos encontramos hoy, en el que muchos clientes finales y agencias insisten en el uso de una FCSA Umbrella.  Si buscas en Google \"esc\u00e1ndalo de la FCSA\" pronto ver\u00e1s que, m\u00e1s que un organismo gubernamental oficial, la FCSA se ha visto inmersa en numerosas pol\u00e9micas a lo largo de su corta vida.  Desde la retenci\u00f3n de la paga de vacaciones hasta las acusaciones de cambio de manos para bloquear la cadena de suministro, nada de esto es una gran lectura.  Para cualquier empresa paraguas que desee unirse a la FCSA existe un proceso de auditor\u00eda y una cuota anual de afiliaci\u00f3n que hay que pagar.  El resultado general de esto es un servicio m\u00e1s caro para el contratista.<\/p>\n\n\n\n<p><strong>\u00bfY el pasaporte profesional?<\/strong> El pasaporte profesional es anterior a la FCSA, pero de nuevo se trata de una acreditaci\u00f3n no oficial que intenta aplicar una serie de normas a la forma en que las empresas paraguas deben llevar a cabo su actividad.  Hay que pagar una membres\u00eda.  Se trata de un gran manual operativo encuadernado en cuero.  Muchos creen que la FCSA se form\u00f3 originalmente a partir de un desacuerdo entre los miembros del Pasaporte Profesional, aunque s\u00f3lo son especulaciones.<\/p>\n\n\n\n<p>El hecho de que las acreditaciones mencionadas se hayan vuelto tan frecuentes en el mercado se debe exclusivamente a un esfuerzo de marketing.  Los cambios en la normativa IR35 han empujado a las agencias a buscar cualquier garant\u00eda posible, por muy extraoficial que sea o por muy controvertida que est\u00e9.  Eso y las relaciones entre las agencias y las empresas paraguas implicadas.  Esto tambi\u00e9n puede aumentar indirectamente los costes para el contratista.  Hay cientos de empresas paraguas que, aunque procesan las n\u00f3minas exactamente igual que un miembro de la FCSA, se niegan a pagar la cuota de afiliaci\u00f3n a los competidores y repercuten esos ahorros con m\u00e1rgenes m\u00e1s bajos.<\/p>\n\n\n\n<p>Como puede ver, no hay ninguna regulaci\u00f3n\/acreditaci\u00f3n o aprobaci\u00f3n respaldada por el gobierno del Reino Unido para el mercado de las empresas paraguas, en esencia se ha dejado que se autogobierne.  Independientemente de que la empresa paraguas que elija para trabajar (despu\u00e9s de todo, una empresa paraguas se convierte en su empleador) est\u00e9 acreditada o no, vale la pena que se asegure de que no s\u00f3lo est\u00e1 satisfecho con los rendimientos que recibir\u00e1, sino tambi\u00e9n con la forma en que los recibir\u00e1. <\/p>","protected":false},"excerpt":{"rendered":"<p>Esto siempre resulta ser una gran sorpresa para mucha gente, despu\u00e9s de todo, FCSA y el Pasaporte Profesional suenan muy oficiales, pero en realidad no hay diferencia entre estar acreditado y no acreditado. No existe un organismo oficial ni acreditaci\u00f3n para las empresas paraguas, HMRC nunca respaldar\u00e1 a ninguna empresa paraguas sin importar qu\u00e9 [\u2026]<\/p>","protected":false},"author":1,"featured_media":0,"parent":0,"menu_order":0,"comment_status":"closed","ping_status":"closed","template":"","meta":{"footnotes":""},"class_list":["post-102","page","type-page","status-publish","hentry"],"_links":{"self":[{"href":"https:\/\/www.umbrella-company.uk\/es\/wp-json\/wp\/v2\/pages\/102","targetHints":{"allow":["GET"]}}],"collection":[{"href":"https:\/\/www.umbrella-company.uk\/es\/wp-json\/wp\/v2\/pages"}],"about":[{"href":"https:\/\/www.umbrella-company.uk\/es\/wp-json\/wp\/v2\/types\/page"}],"author":[{"embeddable":true,"href":"https:\/\/www.umbrella-company.uk\/es\/wp-json\/wp\/v2\/users\/1"}],"replies":[{"embeddable":true,"href":"https:\/\/www.umbrella-company.uk\/es\/wp-json\/wp\/v2\/comments?post=102"}],"version-history":[{"count":0,"href":"https:\/\/www.umbrella-company.uk\/es\/wp-json\/wp\/v2\/pages\/102\/revisions"}],"wp:attachment":[{"href":"https:\/\/www.umbrella-company.uk\/es\/wp-json\/wp\/v2\/media?parent=102"}],"curies":[{"name":"wp","href":"https:\/\/api.w.org\/{rel}","templated":true}]}}