{"id":90,"date":"2021-08-18T12:17:39","date_gmt":"2021-08-18T11:17:39","guid":{"rendered":"https:\/\/www.umbrella-company.uk\/?page_id=90"},"modified":"2023-03-11T10:54:05","modified_gmt":"2023-03-11T10:54:05","slug":"encontrar-una-empresa-paraguas-acreditada-por-la-fcsa","status":"publish","type":"page","link":"https:\/\/www.umbrella-company.uk\/es\/encontrar-una-empresa-paraguas-acreditada-por-la-fcsa\/","title":{"rendered":"\u00bfBuscar una empresa de paraguas acreditada por la FCSA?"},"content":{"rendered":"<p>\u00bfBusca un paraguas FCSA?  \u00bfLa agencia PSL insiste en utilizar s\u00f3lo FCSA? La siguiente lista detalla las empresas paraguas acreditadas por la FCSA que deber\u00edan poder ayudarle.<\/p>\n\n\n\n<!--more-->\n\n\n\n<figure class=\"wp-block-table\"><table><tbody><tr><td>Contabilidad 20\/20<\/td><\/tr><tr><td>Avance<\/td><\/tr><tr><td>Sorprenda a<\/td><\/tr><tr><td>Azebra<\/td><\/tr><tr><td>Diamante negro<\/td><\/tr><tr><td>Contabilidad Bluebird<\/td><\/tr><tr><td>Boox<\/td><\/tr><tr><td>Bright Sky Contracting<\/td><\/tr><tr><td>Brookson Uno<\/td><\/tr><tr><td>Carrington<\/td><\/tr><tr><td>Contratistas de Champion<\/td><\/tr><tr><td>Churchillknight &amp; Associates Ltd<\/td><\/tr><tr><td>Paraguas Churchillknight<\/td><\/tr><tr><td>Claridad<\/td><\/tr><tr><td>Contabilidad de contratistas de Clearsky<\/td><\/tr><tr><td>Clipper Contracting Group Ltd<\/td><\/tr><tr><td>Paraguas para contratistas<\/td><\/tr><tr><td>Crest Plus<\/td><\/tr><tr><td>CWCSolutions<\/td><\/tr><tr><td>Danbro<\/td><\/tr><tr><td>Paraguas DASA<\/td><\/tr><tr><td>Grupo de Contabilidad DNS<\/td><\/tr><tr><td>Contabilidad Dolan<\/td><\/tr><tr><td>Grupo Eden<\/td><\/tr><tr><td>N\u00f3mina exacta<\/td><\/tr><tr><td>Soluciones de Hacienda<\/td><\/tr><tr><td>Servicios de remuneraci\u00f3n justa<\/td><\/tr><tr><td>Primer aut\u00f3nomo<\/td><\/tr><tr><td>Enfocado<\/td><\/tr><tr><td>Fore:Two [Grupo]<\/td><\/tr><tr><td>Generar<\/td><\/tr><tr><td>Gigante<\/td><\/tr><tr><td>Global Challenge Umbrella Services<\/td><\/tr><tr><td>Granite BPO<\/td><\/tr><tr><td>husp<\/td><\/tr><tr><td>iConsult<\/td><\/tr><tr><td>Contabilidad ICS<\/td><\/tr><tr><td>InTouch<\/td><\/tr><tr><td>JSA Consulting<\/td><\/tr><tr><td>Clave<\/td><\/tr><tr><td>Viernes l\u00edquido<\/td><\/tr><tr><td>Mango Pay<\/td><\/tr><tr><td>Mortimer Childe<\/td><\/tr><tr><td>MiContador.es<\/td><\/tr><tr><td>MyPay<\/td><\/tr><tr><td>nasa<\/td><\/tr><tr><td>Nixon Williams<\/td><\/tr><tr><td>Paraguas No Worries<\/td><\/tr><tr><td>Numbermill<\/td><\/tr><tr><td>NWM<\/td><\/tr><tr><td>Paraguas Oasis<\/td><\/tr><tr><td>Genio de la naranja<\/td><\/tr><tr><td>Orbital<\/td><\/tr><tr><td>Parasol<\/td><\/tr><tr><td>Payme<\/td><\/tr><tr><td>Pagos Pro<\/td><\/tr><tr><td>Paystream<\/td><\/tr><tr><td>Consultor\u00eda Pendragon<\/td><\/tr><tr><td>Zafiro<\/td><\/tr><tr><td>Servicios de n\u00f3mina SD<\/td><\/tr><tr><td>SG SG<\/td><\/tr><tr><td>SJD Contabilidad<\/td><\/tr><tr><td>Trabajo inteligente<\/td><\/tr><tr><td>Servicios de CSS<\/td><\/tr><tr><td>Sterling<\/td><\/tr><tr><td>El Grupo Indigo<\/td><\/tr><tr><td>Trafalgar<\/td><\/tr><tr><td>Empresa de paraguas del Reino Unido<\/td><\/tr><tr><td>paraguas.es<\/td><\/tr><tr><td>Umbrellaphant Limited<\/td><\/tr><tr><td>Contratamos<\/td><\/tr><tr><td>Workr<\/td><\/tr><\/tbody><\/table><\/figure>\n\n\n\n<figure class=\"wp-block-table\"><table><tbody><tr><td>Contabilidad 20\/20<\/td><\/tr><tr><td>Avance<\/td><\/tr><tr><td>Sorprenda a<\/td><\/tr><tr><td>Azebra<\/td><\/tr><tr><td>Diamante negro<\/td><\/tr><tr><td>Contabilidad Bluebird<\/td><\/tr><tr><td>Boox<\/td><\/tr><tr><td>Bright Sky Contracting<\/td><\/tr><tr><td>Brookson Uno<\/td><\/tr><tr><td>Carrington<\/td><\/tr><tr><td>Contratistas de Champion<\/td><\/tr><tr><td>Churchillknight &amp; Associates Ltd<\/td><\/tr><tr><td>Paraguas Churchillknight<\/td><\/tr><tr><td>Claridad<\/td><\/tr><tr><td>Contabilidad de contratistas de Clearsky<\/td><\/tr><tr><td>Clipper Contracting Group Ltd<\/td><\/tr><tr><td>Paraguas para contratistas<\/td><\/tr><tr><td>Crest Plus<\/td><\/tr><tr><td>CWCSolutions<\/td><\/tr><tr><td>Danbro<\/td><\/tr><tr><td>Paraguas DASA<\/td><\/tr><tr><td>Grupo de Contabilidad DNS<\/td><\/tr><tr><td>Contabilidad Dolan<\/td><\/tr><tr><td>Grupo Eden<\/td><\/tr><tr><td>N\u00f3mina exacta<\/td><\/tr><tr><td>Soluciones de Hacienda<\/td><\/tr><tr><td>Servicios de remuneraci\u00f3n justa<\/td><\/tr><tr><td>Primer aut\u00f3nomo<\/td><\/tr><tr><td>Enfocado<\/td><\/tr><tr><td>Fore:Two [Grupo]<\/td><\/tr><tr><td>Generar<\/td><\/tr><tr><td>Gigante<\/td><\/tr><tr><td>Global Challenge Umbrella Services<\/td><\/tr><tr><td>Granite BPO<\/td><\/tr><tr><td>husp<\/td><\/tr><tr><td>iConsult<\/td><\/tr><tr><td>Contabilidad ICS<\/td><\/tr><tr><td>InTouch<\/td><\/tr><tr><td>JSA Consulting<\/td><\/tr><tr><td>Clave<\/td><\/tr><tr><td>Viernes l\u00edquido<\/td><\/tr><tr><td>Mango Pay<\/td><\/tr><tr><td>Mortimer Childe<\/td><\/tr><tr><td>MiContador.es<\/td><\/tr><tr><td>MyPay<\/td><\/tr><tr><td>nasa<\/td><\/tr><tr><td>Nixon Williams<\/td><\/tr><tr><td>Paraguas No Worries<\/td><\/tr><tr><td>Numbermill<\/td><\/tr><tr><td>NWM<\/td><\/tr><tr><td>Paraguas Oasis<\/td><\/tr><tr><td>Genio de la naranja<\/td><\/tr><tr><td>Orbital<\/td><\/tr><tr><td>Parasol<\/td><\/tr><tr><td>Payme<\/td><\/tr><tr><td>Pagos Pro<\/td><\/tr><tr><td>Paystream<\/td><\/tr><tr><td>Consultor\u00eda Pendragon<\/td><\/tr><tr><td>Zafiro<\/td><\/tr><tr><td>Servicios de n\u00f3mina SD<\/td><\/tr><tr><td>SG SG<\/td><\/tr><tr><td>SJD Contabilidad<\/td><\/tr><tr><td>Trabajo inteligente<\/td><\/tr><tr><td>Servicios de CSS<\/td><\/tr><tr><td>Sterling<\/td><\/tr><tr><td>El Grupo Indigo<\/td><\/tr><tr><td>Trafalgar<\/td><\/tr><tr><td>Empresa de paraguas del Reino Unido<\/td><\/tr><tr><td>paraguas.es<\/td><\/tr><tr><td>Umbrellaphant Limited<\/td><\/tr><tr><td>Contratamos<\/td><\/tr><tr><td>Workr<\/td><\/tr><\/tbody><\/table><\/figure>\n\n\n\n<p>Hemos recopilado esta lista de buena fe bas\u00e1ndonos en la informaci\u00f3n disponible p\u00fablicamente.  La lista de la FCSA era correcta en el momento de la publicaci\u00f3n, pero puede cambiar con el tiempo, siempre recomendamos comprobar el registro de la FCSA para asegurarse de la acreditaci\u00f3n antes de contratar los servicios de cualquier empresa de paraguas que afirme ser miembro de la FCSA. <\/p>","protected":false},"excerpt":{"rendered":"<p>\u00bfEst\u00e1 buscando un paraguas FCSA? \u00bfLa agencia PSL insiste en usar solo FCSA? La siguiente lista detalla las empresas paraguas acreditadas por la FCSA que deber\u00edan poder ayudarlo.<\/p>","protected":false},"author":1,"featured_media":0,"parent":0,"menu_order":0,"comment_status":"closed","ping_status":"closed","template":"","meta":{"footnotes":""},"class_list":["post-90","page","type-page","status-publish","hentry"],"_links":{"self":[{"href":"https:\/\/www.umbrella-company.uk\/es\/wp-json\/wp\/v2\/pages\/90","targetHints":{"allow":["GET"]}}],"collection":[{"href":"https:\/\/www.umbrella-company.uk\/es\/wp-json\/wp\/v2\/pages"}],"about":[{"href":"https:\/\/www.umbrella-company.uk\/es\/wp-json\/wp\/v2\/types\/page"}],"author":[{"embeddable":true,"href":"https:\/\/www.umbrella-company.uk\/es\/wp-json\/wp\/v2\/users\/1"}],"replies":[{"embeddable":true,"href":"https:\/\/www.umbrella-company.uk\/es\/wp-json\/wp\/v2\/comments?post=90"}],"version-history":[{"count":0,"href":"https:\/\/www.umbrella-company.uk\/es\/wp-json\/wp\/v2\/pages\/90\/revisions"}],"wp:attachment":[{"href":"https:\/\/www.umbrella-company.uk\/es\/wp-json\/wp\/v2\/media?parent=90"}],"curies":[{"name":"wp","href":"https:\/\/api.w.org\/{rel}","templated":true}]}}