{"id":102,"date":"2021-08-25T15:56:38","date_gmt":"2021-08-25T14:56:38","guid":{"rendered":"https:\/\/www.umbrella-company.uk\/?page_id=102"},"modified":"2023-03-11T10:55:23","modified_gmt":"2023-03-11T10:55:23","slug":"quelle-est-la-difference-entre-une-societe-parapluie-accreditee-et-une-societe-parapluie-non-accreditee","status":"publish","type":"page","link":"https:\/\/www.umbrella-company.uk\/fr\/quelle-est-la-difference-entre-une-societe-parapluie-accreditee-et-une-societe-parapluie-non-accreditee\/","title":{"rendered":"Quelle est la diff\u00e9rence entre une soci\u00e9t\u00e9 parapluie accr\u00e9dit\u00e9e et non accr\u00e9dit\u00e9e ?"},"content":{"rendered":"<p>Apr\u00e8s tout, FCSA et Professional Passport ont l'air tellement officiels, mais en r\u00e9alit\u00e9, il n'y a pas de diff\u00e9rence entre \u00eatre accr\u00e9dit\u00e9 et non accr\u00e9dit\u00e9.  Il n'existe pas d'organisme officiel ou d'accr\u00e9ditation pour les soci\u00e9t\u00e9s parapluie. Le HMRC ne cautionnera jamais une soci\u00e9t\u00e9 parapluie, quel que soit son statut d'accr\u00e9ditation, il est explicite \u00e0 ce sujet.<\/p>\n\n\n\n<!--more-->\n\n\n\n<p><strong>Alors pourquoi le FCSA est-il devenu si r\u00e9pandu ?<\/strong> La FCSA ressemble beaucoup \u00e0 la FSCA (l'autorit\u00e9 de conduite des services financiers), mais elle a en fait \u00e9t\u00e9 cr\u00e9\u00e9e par plusieurs des plus grandes soci\u00e9t\u00e9s parapluies, qui ont en fait cr\u00e9\u00e9 leur propre accr\u00e9ditation.  Ayant une si grande part du march\u00e9, ils ont ensuite eu l'influence et le budget marketing pour le promouvoir aupr\u00e8s de la cha\u00eene d'approvisionnement jusqu'au point o\u00f9 nous sommes aujourd'hui o\u00f9 de nombreux clients finaux et agences insistent sur l'utilisation d'un parapluie FCSA.  Si vous tapez \"scandale de la FCSA\" sur Google, vous verrez que la FCSA n'est pas un organisme gouvernemental officiel, mais qu'elle a fait l'objet de nombreuses controverses au cours de sa courte existence.  Qu'il s'agisse de retenues sur les cong\u00e9s pay\u00e9s ou d'accusations d'\u00e9change d'argent pour verrouiller la cha\u00eene d'approvisionnement, tout cela n'est pas tr\u00e8s int\u00e9ressant \u00e0 lire.  Pour toute soci\u00e9t\u00e9 parapluie souhaitant adh\u00e9rer \u00e0 la FCSA, un processus d'audit est mis en place et une cotisation annuelle doit \u00eatre pay\u00e9e.  Le r\u00e9sultat g\u00e9n\u00e9ral est un service plus co\u00fbteux pour l'entrepreneur.<\/p>\n\n\n\n<p><strong>Qu'en est-il du passeport professionnel ?<\/strong> Le passeport professionnel est ant\u00e9rieur \u00e0 la FCSA, mais il s'agissait l\u00e0 encore d'une accr\u00e9ditation non officielle visant \u00e0 appliquer un ensemble de r\u00e8gles \u00e0 la mani\u00e8re dont les soci\u00e9t\u00e9s de parapluie devaient mener leurs activit\u00e9s.  L'adh\u00e9sion est payante.  Un grand manuel op\u00e9rationnel reli\u00e9 en cuir est fourni.  Beaucoup pensent que la FCSA a \u00e9t\u00e9 cr\u00e9\u00e9e \u00e0 l'origine \u00e0 la suite d'un d\u00e9saccord entre les membres du Professional Passport, mais ce n'est qu'une sp\u00e9culation.<\/p>\n\n\n\n<p>C'est uniquement gr\u00e2ce \u00e0 un effort marketing que les accr\u00e9ditations mentionn\u00e9es sont devenues si r\u00e9pandues sur le march\u00e9.  Les changements apport\u00e9s \u00e0 la r\u00e9glementation IR35 ont pouss\u00e9 les agences \u00e0 rechercher toutes les garanties possibles, aussi officieuses ou controvers\u00e9es soient-elles.  Cela et les relations entre les agences et les soci\u00e9t\u00e9s parapluies concern\u00e9es.  L\u00e0 encore, cela peut indirectement augmenter les co\u00fbts pour l'entrepreneur.  Il existe des centaines de soci\u00e9t\u00e9s parapluies qui, tout en traitant les salaires exactement de la m\u00eame mani\u00e8re qu'un membre de la FCSA, refusent de payer la cotisation \u00e0 leurs concurrents et r\u00e9percutent ces \u00e9conomies sur leurs marges.<\/p>\n\n\n\n<p>Comme vous pouvez le constater, il n'existe pas de r\u00e9glementation, d'accr\u00e9ditation ou d'approbation soutenue par le gouvernement britannique pour le march\u00e9 des soci\u00e9t\u00e9s parapluies, qui a \u00e9t\u00e9 laiss\u00e9 essentiellement \u00e0 lui-m\u00eame.  Que la soci\u00e9t\u00e9 parapluie pour laquelle vous choisissez de travailler (apr\u00e8s tout, une soci\u00e9t\u00e9 parapluie devient votre employeur) soit accr\u00e9dit\u00e9e ou non, il est payant de s'assurer que vous \u00eates non seulement satisfait des revenus que vous recevrez, mais aussi de la mani\u00e8re dont vous les recevrez. <\/p>","protected":false},"excerpt":{"rendered":"<p>Cela s&#039;av\u00e8re toujours \u00eatre une surprise majeure pour beaucoup de gens, apr\u00e8s tout, la FCSA et le passeport professionnel semblent si officiels, mais en r\u00e9alit\u00e9, il n&#039;y a aucune diff\u00e9rence entre \u00eatre accr\u00e9dit\u00e9 et non accr\u00e9dit\u00e9. Il n&#039;existe pas d&#039;organisme officiel ni d&#039;accr\u00e9ditation pour les soci\u00e9t\u00e9s fa\u00eeti\u00e8res, le HMRC ne soutiendra jamais aucune soci\u00e9t\u00e9 fa\u00eeti\u00e8re, quoi qu&#039;il arrive [\u2026]<\/p>","protected":false},"author":1,"featured_media":0,"parent":0,"menu_order":0,"comment_status":"closed","ping_status":"closed","template":"","meta":{"footnotes":""},"class_list":["post-102","page","type-page","status-publish","hentry"],"_links":{"self":[{"href":"https:\/\/www.umbrella-company.uk\/fr\/wp-json\/wp\/v2\/pages\/102","targetHints":{"allow":["GET"]}}],"collection":[{"href":"https:\/\/www.umbrella-company.uk\/fr\/wp-json\/wp\/v2\/pages"}],"about":[{"href":"https:\/\/www.umbrella-company.uk\/fr\/wp-json\/wp\/v2\/types\/page"}],"author":[{"embeddable":true,"href":"https:\/\/www.umbrella-company.uk\/fr\/wp-json\/wp\/v2\/users\/1"}],"replies":[{"embeddable":true,"href":"https:\/\/www.umbrella-company.uk\/fr\/wp-json\/wp\/v2\/comments?post=102"}],"version-history":[{"count":0,"href":"https:\/\/www.umbrella-company.uk\/fr\/wp-json\/wp\/v2\/pages\/102\/revisions"}],"wp:attachment":[{"href":"https:\/\/www.umbrella-company.uk\/fr\/wp-json\/wp\/v2\/media?parent=102"}],"curies":[{"name":"wp","href":"https:\/\/api.w.org\/{rel}","templated":true}]}}