{"id":106,"date":"2021-09-14T13:15:10","date_gmt":"2021-09-14T12:15:10","guid":{"rendered":"https:\/\/www.umbrella-company.uk\/?page_id=106"},"modified":"2023-03-11T10:54:40","modified_gmt":"2023-03-11T10:54:40","slug":"liste-des-societes-de-parapluie-approuvees-par-lhmrc","status":"publish","type":"page","link":"https:\/\/www.umbrella-company.uk\/fr\/liste-des-societes-de-parapluie-approuvees-par-lhmrc\/","title":{"rendered":"Liste des soci\u00e9t\u00e9s parapluie approuv\u00e9es par le HMRC ?"},"content":{"rendered":"<p>Vous recherchez la liste d\u00e9finitive des soci\u00e9t\u00e9s Umbrella agr\u00e9\u00e9es par le HMRC ?  Vous avez de la chance, vous \u00eates au bon endroit.<\/p>\n\n\n\n<!--more-->\n\n\n\n<p>Voici la liste, elle contient exactement ZERO entr\u00e9es et ne devrait pas changer de sit\u00f4t.  <a href=\"https:\/\/www.gov.uk\/guidance\/working-through-an-umbrella-company\" target=\"_blank\" rel=\"noreferrer noopener\">Le HMRC n'approuve ni ne cautionne aucune soci\u00e9t\u00e9 parapluie.<\/a>.  Le FCSA et le Professional Passport ne sont pas des accr\u00e9ditations officielles (approuv\u00e9es par le gouvernement) et l'adh\u00e9sion ne signifie rien pour HMRC.  Le HMRC se r\u00e9serve le droit d'enqu\u00eater et de contr\u00f4ler les op\u00e9rations de toute soci\u00e9t\u00e9 Umbrella en tant qu'employeur, quoi que l'Umbrella puisse vous dire.<\/p>\n\n\n\n<p>En bref, il n'existe pas de liste de soci\u00e9t\u00e9s parapluies approuv\u00e9es par le HMRC.  Nous esp\u00e9rons que cela vous aidera.<\/p>","protected":false},"excerpt":{"rendered":"<p>Vous recherchez la liste d\u00e9finitive des soci\u00e9t\u00e9s parapluie approuv\u00e9es par le HMRC\u00a0? Eh bien, vous avez de la chance, vous \u00eates d\u00e9finitivement au bon endroit.<\/p>","protected":false},"author":1,"featured_media":0,"parent":0,"menu_order":0,"comment_status":"closed","ping_status":"closed","template":"","meta":{"footnotes":""},"class_list":["post-106","page","type-page","status-publish","hentry"],"_links":{"self":[{"href":"https:\/\/www.umbrella-company.uk\/fr\/wp-json\/wp\/v2\/pages\/106","targetHints":{"allow":["GET"]}}],"collection":[{"href":"https:\/\/www.umbrella-company.uk\/fr\/wp-json\/wp\/v2\/pages"}],"about":[{"href":"https:\/\/www.umbrella-company.uk\/fr\/wp-json\/wp\/v2\/types\/page"}],"author":[{"embeddable":true,"href":"https:\/\/www.umbrella-company.uk\/fr\/wp-json\/wp\/v2\/users\/1"}],"replies":[{"embeddable":true,"href":"https:\/\/www.umbrella-company.uk\/fr\/wp-json\/wp\/v2\/comments?post=106"}],"version-history":[{"count":0,"href":"https:\/\/www.umbrella-company.uk\/fr\/wp-json\/wp\/v2\/pages\/106\/revisions"}],"wp:attachment":[{"href":"https:\/\/www.umbrella-company.uk\/fr\/wp-json\/wp\/v2\/media?parent=106"}],"curies":[{"name":"wp","href":"https:\/\/api.w.org\/{rel}","templated":true}]}}