{"id":98,"date":"2021-08-18T12:33:37","date_gmt":"2021-08-18T11:33:37","guid":{"rendered":"https:\/\/www.umbrella-company.uk\/?page_id=98"},"modified":"2023-03-11T10:53:48","modified_gmt":"2023-03-11T10:53:48","slug":"trouver-une-societe-de-parapluie-accreditee-par-un-professionnel","status":"publish","type":"page","link":"https:\/\/www.umbrella-company.uk\/fr\/trouver-une-societe-de-parapluie-accreditee-par-un-professionnel\/","title":{"rendered":"Trouver une soci\u00e9t\u00e9 de parapluie professionnelle accr\u00e9dit\u00e9e pour les passeports ?"},"content":{"rendered":"<p>Vous recherchez un parapluie de type Professional Passport ?  L'agence PSL insiste pour utiliser des soci\u00e9t\u00e9s de parapluie accr\u00e9dit\u00e9es par Professional Passport ? La liste suivante pr\u00e9sente les soci\u00e9t\u00e9s de parapluie accr\u00e9dit\u00e9es par Professional Passport qui devraient \u00eatre en mesure de vous aider.<\/p>\n\n\n\n<!--more-->\n\n\n\n<figure class=\"wp-block-table\"><table><tbody><tr><td>Parapluie 1er choix<\/td><\/tr><tr><td>Abacus<\/td><\/tr><tr><td>Partenaires en comptabilit\u00e9<\/td><\/tr><tr><td>Agile Pay<\/td><\/tr><tr><td>Azure Global<\/td><\/tr><tr><td>Groupe Big Fish<\/td><\/tr><tr><td>Bishopsgate<\/td><\/tr><tr><td>Bright Sky<\/td><\/tr><tr><td>Compass<\/td><\/tr><tr><td>Competex Pro<\/td><\/tr><tr><td>Le coin des entrepreneurs<\/td><\/tr><tr><td>Foule d'entrepreneurs<\/td><\/tr><tr><td>Gestion financi\u00e8re de base<\/td><\/tr><tr><td>Parapluie DASA<\/td><\/tr><tr><td>DMHR<\/td><\/tr><tr><td>DNS<\/td><\/tr><tr><td>Edward Thomas<\/td><\/tr><tr><td>ePayMe<\/td><\/tr><tr><td>Groupe Evolve CS<\/td><\/tr><tr><td>Exceed Outsourcing<\/td><\/tr><tr><td>EZ PAYE<\/td><\/tr><tr><td>Services de r\u00e9mun\u00e9ration \u00e9quitable<\/td><\/tr><tr><td>FastPay<\/td><\/tr><tr><td>Fruition Outsourcing Ltd<\/td><\/tr><tr><td>Granit bpo<\/td><\/tr><tr><td>Green Lantern<\/td><\/tr><tr><td>Hargenant Accounts Limited<\/td><\/tr><tr><td>Parapluie de la ruche<\/td><\/tr><tr><td>iConsult<\/td><\/tr><tr><td>I-PAYE Ltd<\/td><\/tr><tr><td>IPS Umbrella Limited<\/td><\/tr><tr><td>IWOP<\/td><\/tr><tr><td>JMK<\/td><\/tr><tr><td>Kontractor Connect<\/td><\/tr><tr><td>Lesters<\/td><\/tr><tr><td>Menthe<\/td><\/tr><tr><td>Groupe mutuel<\/td><\/tr><tr><td>MyPay+<\/td><\/tr><tr><td>Parapluie Oasis<\/td><\/tr><tr><td>Groupe d'un seul clic<\/td><\/tr><tr><td>Groupe de r\u00e9mun\u00e9ration optimale<\/td><\/tr><tr><td>Groupe Orbital<\/td><\/tr><tr><td>Parapluie Ovations<\/td><\/tr><tr><td>Parapluie Paico<\/td><\/tr><tr><td>Paybrella<\/td><\/tr><tr><td>Payme<\/td><\/tr><tr><td>Pendragon<\/td><\/tr><tr><td>Personnes<\/td><\/tr><tr><td>Plus<\/td><\/tr><tr><td>Propaye<\/td><\/tr><tr><td>Quay Umbrella Solutios<\/td><\/tr><tr><td>Reliasys<\/td><\/tr><tr><td>Ricson Services<\/td><\/tr><tr><td>RM Business<\/td><\/tr><tr><td>Parapluie SDP (Same Day Pay)<\/td><\/tr><tr><td>SJ Pay<\/td><\/tr><tr><td>Travail social Services d'emploi<\/td><\/tr><tr><td>Swann Accountants<\/td><\/tr><tr><td>Parapluie Team Platinum<\/td><\/tr><tr><td>La coop\u00e9rative des entrepreneurs<\/td><\/tr><tr><td>TJW<\/td><\/tr><tr><td>Ultra<\/td><\/tr><tr><td>Unicorn Development Solutions<\/td><\/tr><tr><td>Parapluie universel<\/td><\/tr><tr><td>Parapluie Westlakes<\/td><\/tr><\/tbody><\/table><\/figure>\n\n\n\n<p>Nous avons compil\u00e9 cette liste en toute bonne foi sur la base d'informations accessibles au public.  La liste des passeports professionnels ci-dessus \u00e9tait correcte au moment de la publication mais peut changer au fil du temps. Nous recommandons toujours de v\u00e9rifier aupr\u00e8s du registre des passeports professionnels pour s'assurer de l'accr\u00e9ditation avant d'engager les services d'une soci\u00e9t\u00e9 parapluie qui pr\u00e9tend \u00eatre membre du PP. <\/p>","protected":false},"excerpt":{"rendered":"<p>Vous recherchez un parapluie passeport professionnel ? L&#039;agence PSL insiste-t-elle pour faire appel \u00e0 des soci\u00e9t\u00e9s fa\u00eeti\u00e8res accr\u00e9dit\u00e9es Passeport Professionnel ? La liste suivante d\u00e9taille les soci\u00e9t\u00e9s fa\u00eeti\u00e8res accr\u00e9dit\u00e9es par le Passeport Professionnel qui devraient pouvoir vous aider.<\/p>","protected":false},"author":1,"featured_media":0,"parent":0,"menu_order":0,"comment_status":"closed","ping_status":"closed","template":"","meta":{"footnotes":""},"class_list":["post-98","page","type-page","status-publish","hentry"],"_links":{"self":[{"href":"https:\/\/www.umbrella-company.uk\/fr\/wp-json\/wp\/v2\/pages\/98","targetHints":{"allow":["GET"]}}],"collection":[{"href":"https:\/\/www.umbrella-company.uk\/fr\/wp-json\/wp\/v2\/pages"}],"about":[{"href":"https:\/\/www.umbrella-company.uk\/fr\/wp-json\/wp\/v2\/types\/page"}],"author":[{"embeddable":true,"href":"https:\/\/www.umbrella-company.uk\/fr\/wp-json\/wp\/v2\/users\/1"}],"replies":[{"embeddable":true,"href":"https:\/\/www.umbrella-company.uk\/fr\/wp-json\/wp\/v2\/comments?post=98"}],"version-history":[{"count":0,"href":"https:\/\/www.umbrella-company.uk\/fr\/wp-json\/wp\/v2\/pages\/98\/revisions"}],"wp:attachment":[{"href":"https:\/\/www.umbrella-company.uk\/fr\/wp-json\/wp\/v2\/media?parent=98"}],"curies":[{"name":"wp","href":"https:\/\/api.w.org\/{rel}","templated":true}]}}