{"id":106,"date":"2021-09-14T13:15:10","date_gmt":"2021-09-14T12:15:10","guid":{"rendered":"https:\/\/www.umbrella-company.uk\/?page_id=106"},"modified":"2023-03-11T10:54:40","modified_gmt":"2023-03-11T10:54:40","slug":"elenco-delle-societa-ombrello-approvate-dallhmrc","status":"publish","type":"page","link":"https:\/\/www.umbrella-company.uk\/it\/elenco-delle-societa-ombrello-approvate-dallhmrc\/","title":{"rendered":"Elenco delle societ\u00e0 ombrello approvate dall'HMRC?"},"content":{"rendered":"<p>State cercando l'elenco definitivo delle societ\u00e0 di ombrelli approvate dall'HMRC?  Siete fortunati, siete sicuramente nel posto giusto.<\/p>\n\n\n\n<!--more-->\n\n\n\n<p>Ecco l'elenco, che contiene esattamente ZERO voci e che probabilmente non cambier\u00e0 presto.  <a href=\"https:\/\/www.gov.uk\/guidance\/working-through-an-umbrella-company\" target=\"_blank\" rel=\"noreferrer noopener\">L'HMRC non approva n\u00e9 avalla alcuna societ\u00e0 di servizi di ombrello.<\/a>.  L'FCSA e il Passaporto Professionale non sono accreditamenti ufficiali (approvati dal governo) n\u00e9 l'adesione ha alcun significato per l'HMRC.  L'HMRC si riserva il diritto di indagare e monitorare le operazioni di qualsiasi societ\u00e0 ombrello in qualit\u00e0 di datore di lavoro, indipendentemente da ci\u00f2 che la societ\u00e0 ombrello pu\u00f2 dire.<\/p>\n\n\n\n<p>In breve, non esiste un elenco di societ\u00e0 ombrello approvate dall'HMRC.  Speriamo che questo sia d'aiuto.<\/p>","protected":false},"excerpt":{"rendered":"<p>Cerchi l&#039;elenco definitivo delle societ\u00e0 ombrello approvate dall&#039;HMRC? Beh, sei fortunato, sei sicuramente arrivato nel posto giusto.<\/p>","protected":false},"author":1,"featured_media":0,"parent":0,"menu_order":0,"comment_status":"closed","ping_status":"closed","template":"","meta":{"footnotes":""},"class_list":["post-106","page","type-page","status-publish","hentry"],"_links":{"self":[{"href":"https:\/\/www.umbrella-company.uk\/it\/wp-json\/wp\/v2\/pages\/106","targetHints":{"allow":["GET"]}}],"collection":[{"href":"https:\/\/www.umbrella-company.uk\/it\/wp-json\/wp\/v2\/pages"}],"about":[{"href":"https:\/\/www.umbrella-company.uk\/it\/wp-json\/wp\/v2\/types\/page"}],"author":[{"embeddable":true,"href":"https:\/\/www.umbrella-company.uk\/it\/wp-json\/wp\/v2\/users\/1"}],"replies":[{"embeddable":true,"href":"https:\/\/www.umbrella-company.uk\/it\/wp-json\/wp\/v2\/comments?post=106"}],"version-history":[{"count":0,"href":"https:\/\/www.umbrella-company.uk\/it\/wp-json\/wp\/v2\/pages\/106\/revisions"}],"wp:attachment":[{"href":"https:\/\/www.umbrella-company.uk\/it\/wp-json\/wp\/v2\/media?parent=106"}],"curies":[{"name":"parola chiave","href":"https:\/\/api.w.org\/{rel}","templated":true}]}}