{"id":54,"date":"2021-07-26T14:42:47","date_gmt":"2021-07-26T13:42:47","guid":{"rendered":"https:\/\/www.umbrella-company.uk\/?page_id=54"},"modified":"2023-03-11T10:55:02","modified_gmt":"2023-03-11T10:55:02","slug":"elenco-delle-societa-ombrello","status":"publish","type":"page","link":"https:\/\/www.umbrella-company.uk\/it\/elenco-delle-societa-ombrello\/","title":{"rendered":"Elenco delle societ\u00e0 ombrello"},"content":{"rendered":"<p>Abbiamo compilato l'elenco pi\u00f9 completo di societ\u00e0 di ombrelli del Regno Unito sul web e non abbiamo ancora finito.  Continueremo ad arricchire questo elenco nel tempo.  Contattateci se siete a conoscenza di una societ\u00e0 di ombrelli che vorreste fosse aggiunta all'elenco. <\/p>\n\n\n\n<!--more-->\n\n\n\n<figure class=\"wp-block-table\"><table><tbody><tr><td>Ombrello di 1a scelta<\/td><\/tr><tr><td>20\/20 Contabilit\u00e0<\/td><\/tr><tr><td>Abaco<\/td><\/tr><tr><td>Partner contabili<\/td><\/tr><tr><td>Anticipo<\/td><\/tr><tr><td>Paga Agile<\/td><\/tr><tr><td>Stupire<\/td><\/tr><tr><td>Azebra<\/td><\/tr><tr><td>Azure Global<\/td><\/tr><tr><td>Gruppo Big Fish<\/td><\/tr><tr><td>Bishopsgate<\/td><\/tr><tr><td>Diamante nero<\/td><\/tr><tr><td>Contabilit\u00e0 Bluebird<\/td><\/tr><tr><td>Boox<\/td><\/tr><tr><td>Cielo luminoso<\/td><\/tr><tr><td>Appalto Bright Sky<\/td><\/tr><tr><td>Brookson Uno<\/td><\/tr><tr><td>Carrington<\/td><\/tr><tr><td>Champion Contractors<\/td><\/tr><tr><td>Gestione Charteris<\/td><\/tr><tr><td>Churchillknight &amp; Associates Ltd<\/td><\/tr><tr><td>Ombrello Churchillknight<\/td><\/tr><tr><td>Chiarezza<\/td><\/tr><tr><td>Contabilit\u00e0 degli appaltatori Clearsky<\/td><\/tr><tr><td>Gruppo Clipper Contracting Ltd<\/td><\/tr><tr><td>Bussola<\/td><\/tr><tr><td>Competex Pro<\/td><\/tr><tr><td>Angolo del contraente<\/td><\/tr><tr><td>Folla di contraenti<\/td><\/tr><tr><td>Ombrello del contraente<\/td><\/tr><tr><td>Gestione finanziaria di base<\/td><\/tr><tr><td>Crest Plus<\/td><\/tr><tr><td>CWCSolutions<\/td><\/tr><tr><td>Danbro<\/td><\/tr><tr><td>Ombrello DASA<\/td><\/tr><tr><td>DMHR<\/td><\/tr><tr><td>DNS<\/td><\/tr><tr><td>Gruppo contabile DNS<\/td><\/tr><tr><td>Contabilit\u00e0 Dolan<\/td><\/tr><tr><td>Gruppo Eden<\/td><\/tr><tr><td>Edward Thomas<\/td><\/tr><tr><td>ePayMe<\/td><\/tr><tr><td>Gruppo Evolve CS<\/td><\/tr><tr><td>Buste paga esatte<\/td><\/tr><tr><td>Esternalizzazione Exceed<\/td><\/tr><tr><td>Soluzioni per l'erario<\/td><\/tr><tr><td>EZ PAYE<\/td><\/tr><tr><td>Servizi di pagamento equo<\/td><\/tr><tr><td>FastPay<\/td><\/tr><tr><td>Il primo freelance<\/td><\/tr><tr><td>Focalizzato<\/td><\/tr><tr><td>Ombrello focalizzato<\/td><\/tr><tr><td>Fore:Two [Gruppo]<\/td><\/tr><tr><td>Fruition Outsourcing Ltd<\/td><\/tr><tr><td>Gabem<\/td><\/tr><tr><td>Generare<\/td><\/tr><tr><td>Gigante<\/td><\/tr><tr><td>Servizi ombrello di sfida globale<\/td><\/tr><tr><td>Granito BPO<\/td><\/tr><tr><td>Lanterna Verde<\/td><\/tr><tr><td>Contratti Greenwich<\/td><\/tr><tr><td>Hargenant Accounts Limited<\/td><\/tr><tr><td>Grafico della salute<\/td><\/tr><tr><td>Heartland Harrow<\/td><\/tr><tr><td>Ombrello Hive<\/td><\/tr><tr><td>husp<\/td><\/tr><tr><td>iConsult<\/td><\/tr><tr><td>Contabilit\u00e0 ICS<\/td><\/tr><tr><td>Ombrello ICS<\/td><\/tr><tr><td>InTouch<\/td><\/tr><tr><td>I-PAYE Ltd<\/td><\/tr><tr><td>IPS Umbrella Limited<\/td><\/tr><tr><td>IWOP<\/td><\/tr><tr><td>JMK<\/td><\/tr><tr><td>Consulenza JSA<\/td><\/tr><tr><td>Chiave<\/td><\/tr><tr><td>Kontractor Connect<\/td><\/tr><tr><td>Lesters<\/td><\/tr><tr><td>Venerd\u00ec liquido<\/td><\/tr><tr><td>Mango Pay<\/td><\/tr><tr><td>Menta<\/td><\/tr><tr><td>Mortimer Childe<\/td><\/tr><tr><td>Gruppo Mutua<\/td><\/tr><tr><td>MyAccountant.it<\/td><\/tr><tr><td>MyPay<\/td><\/tr><tr><td>MyPay+<\/td><\/tr><tr><td>nasa<\/td><\/tr><tr><td>Nixon Williams<\/td><\/tr><tr><td>Ombrello No Worries<\/td><\/tr><tr><td>Mulino numerico<\/td><\/tr><tr><td>NWM<\/td><\/tr><tr><td>Ombrello Oasis<\/td><\/tr><tr><td>Una volta che si fa clic sul gruppo<\/td><\/tr><tr><td>Gruppo Optimum Pay<\/td><\/tr><tr><td>Genio dell'arancia<\/td><\/tr><tr><td>Orbitale<\/td><\/tr><tr><td>Gruppo Orbital<\/td><\/tr><tr><td>Ombrello Ovations<\/td><\/tr><tr><td>Ombrello Paico<\/td><\/tr><tr><td>Ombrellone<\/td><\/tr><tr><td>Paybrella<\/td><\/tr><tr><td>Pagamenti<\/td><\/tr><tr><td>Pagamenti Pro<\/td><\/tr><tr><td>Paystream<\/td><\/tr><tr><td>Consulenza Paywise<\/td><\/tr><tr><td>Pendragon<\/td><\/tr><tr><td>Consulenza Pendragon<\/td><\/tr><tr><td>Persone<\/td><\/tr><tr><td>In pi\u00f9<\/td><\/tr><tr><td>Propaye<\/td><\/tr><tr><td>Ombrello ProQuest<\/td><\/tr><tr><td>Gestione Quad<\/td><\/tr><tr><td>Soluzioni per ombrelli Quay<\/td><\/tr><tr><td>Reliasys<\/td><\/tr><tr><td>Servizi Ricson<\/td><\/tr><tr><td>RM Business<\/td><\/tr><tr><td>Ombrello RM<\/td><\/tr><tr><td>Zaffiro<\/td><\/tr><tr><td>Servizi paghe SD<\/td><\/tr><tr><td>Ombrello SDP (Same Day Pay)<\/td><\/tr><tr><td>SG SG<\/td><\/tr><tr><td>Paga SJ<\/td><\/tr><tr><td>Contabilit\u00e0 SJD<\/td><\/tr><tr><td>Lavoro intelligente<\/td><\/tr><tr><td>Lavoro sociale Servizi per l'impiego<\/td><\/tr><tr><td>Contabilit\u00e0 SPI<\/td><\/tr><tr><td>Servizi SSC<\/td><\/tr><tr><td>Sterling<\/td><\/tr><tr><td>Swann Commercialisti<\/td><\/tr><tr><td>Ombrello Team Platinum<\/td><\/tr><tr><td>La cooperativa di appaltatori<\/td><\/tr><tr><td>Il Gruppo Indigo<\/td><\/tr><tr><td>TJW<\/td><\/tr><tr><td>TJW Appaltatori<\/td><\/tr><tr><td>Trafalgar<\/td><\/tr><tr><td>Ultra<\/td><\/tr><tr><td>Societ\u00e0 di ombrelli UK<\/td><\/tr><tr><td>Umbrella Contracts Limited<\/td><\/tr><tr><td>Requisiti dell'ombrello<\/td><\/tr><tr><td>ombrello.it<\/td><\/tr><tr><td>Umbrellaphant Limited<\/td><\/tr><tr><td>Soluzioni di sviluppo Unicorn<\/td><\/tr><tr><td>Buste paga uniche<\/td><\/tr><tr><td>Ombrello universale<\/td><\/tr><tr><td>Contratto<\/td><\/tr><tr><td>Ombrello Westlakes<\/td><\/tr><tr><td>Lavoro<\/td><\/tr><\/tbody><\/table><\/figure>\n\n\n\n<p>Si noti che il nostro elenco comprende societ\u00e0 di ombrelli accreditate e non accreditate.  L'accreditamento include FCSA, Professional Passport e Prism.  Poich\u00e9 non esiste un accreditamento o uno standard governativo ufficiale per gli ombrelli, abbiamo deciso di includere tutti i Brolly nel nostro elenco, indipendentemente dallo stato di accreditamento.<\/p>","protected":false},"excerpt":{"rendered":"<p>Abbiamo compilato l&#039;elenco pi\u00f9 ampio di societ\u00e0 ombrello del Regno Unito sul web e non abbiamo finito qui. Continueremo ad aggiungere a questo elenco nel tempo. Ti invitiamo a contattarci se sei a conoscenza di una societ\u00e0 ombrello che desideri aggiungere all&#039;elenco.<\/p>","protected":false},"author":1,"featured_media":0,"parent":0,"menu_order":0,"comment_status":"closed","ping_status":"closed","template":"","meta":{"footnotes":""},"class_list":["post-54","page","type-page","status-publish","hentry"],"_links":{"self":[{"href":"https:\/\/www.umbrella-company.uk\/it\/wp-json\/wp\/v2\/pages\/54","targetHints":{"allow":["GET"]}}],"collection":[{"href":"https:\/\/www.umbrella-company.uk\/it\/wp-json\/wp\/v2\/pages"}],"about":[{"href":"https:\/\/www.umbrella-company.uk\/it\/wp-json\/wp\/v2\/types\/page"}],"author":[{"embeddable":true,"href":"https:\/\/www.umbrella-company.uk\/it\/wp-json\/wp\/v2\/users\/1"}],"replies":[{"embeddable":true,"href":"https:\/\/www.umbrella-company.uk\/it\/wp-json\/wp\/v2\/comments?post=54"}],"version-history":[{"count":0,"href":"https:\/\/www.umbrella-company.uk\/it\/wp-json\/wp\/v2\/pages\/54\/revisions"}],"wp:attachment":[{"href":"https:\/\/www.umbrella-company.uk\/it\/wp-json\/wp\/v2\/media?parent=54"}],"curies":[{"name":"parola chiave","href":"https:\/\/api.w.org\/{rel}","templated":true}]}}