{"id":98,"date":"2021-08-18T12:33:37","date_gmt":"2021-08-18T11:33:37","guid":{"rendered":"https:\/\/www.umbrella-company.uk\/?page_id=98"},"modified":"2023-03-11T10:53:48","modified_gmt":"2023-03-11T10:53:48","slug":"find-a-professional-passport-accredited-umbrella-company","status":"publish","type":"page","link":"https:\/\/www.umbrella-company.uk\/pl\/find-a-professional-passport-accredited-umbrella-company\/","title":{"rendered":"Znale\u017a\u0107 profesjonaln\u0105 firm\u0119 parasolow\u0105 z akredytacj\u0105 paszportow\u0105?"},"content":{"rendered":"<p>Szukasz Profesjonalnego Parasola Paszportowego?  Agencja PSL nalega na korzystanie z firm parasolowych, kt\u00f3re posiadaj\u0105 akredytacj\u0119 Professional Passport? Poni\u017csza lista zawiera szczeg\u00f3\u0142y dotycz\u0105ce firm parasolowych posiadaj\u0105cych akredytacj\u0119 Professional Passport, kt\u00f3re powinny by\u0107 w stanie Ci pom\u00f3c.<\/p>\n\n\n\n<!--more-->\n\n\n\n<figure class=\"wp-block-table\"><table><tbody><tr><td>1st Choice Umbrella<\/td><\/tr><tr><td>Abacus<\/td><\/tr><tr><td>Partnerzy w Rachunkowo\u015bci<\/td><\/tr><tr><td>Agile Pay<\/td><\/tr><tr><td>Azure Global<\/td><\/tr><tr><td>Grupa Big Fish<\/td><\/tr><tr><td>Bishopsgate<\/td><\/tr><tr><td>Jasne niebo<\/td><\/tr><tr><td>Kompas<\/td><\/tr><tr><td>Competex Pro<\/td><\/tr><tr><td>K\u0105cik wykonawcy<\/td><\/tr><tr><td>Wykonawca T\u0142um.<\/td><\/tr><tr><td>Podstawowe zarz\u0105dzanie finansami<\/td><\/tr><tr><td>Parasol DASA<\/td><\/tr><tr><td>DMHR<\/td><\/tr><tr><td>DNS<\/td><\/tr><tr><td>Edward Tomasz<\/td><\/tr><tr><td>ePayMe<\/td><\/tr><tr><td>Evolve CS Group<\/td><\/tr><tr><td>Przekroczy\u0107 outsourcing<\/td><\/tr><tr><td>EZ PAYE<\/td><\/tr><tr><td>Us\u0142ugi Fair Pay<\/td><\/tr><tr><td>FastPay<\/td><\/tr><tr><td>Fruition Outsourcing Ltd<\/td><\/tr><tr><td>Granit bpo<\/td><\/tr><tr><td>Zielona Latarnia<\/td><\/tr><tr><td>Hargenant Accounts Limited<\/td><\/tr><tr><td>Parasolka z ula<\/td><\/tr><tr><td>iConsult<\/td><\/tr><tr><td>I-PAYE Ltd.<\/td><\/tr><tr><td>IPS Umbrella Limited<\/td><\/tr><tr><td>IWOP<\/td><\/tr><tr><td>JMK<\/td><\/tr><tr><td>Kontractor Connect<\/td><\/tr><tr><td>Lesterzy<\/td><\/tr><tr><td>Mi\u0119ta<\/td><\/tr><tr><td>Mutual Group<\/td><\/tr><tr><td>MyPay+<\/td><\/tr><tr><td>Parasol Oasis<\/td><\/tr><tr><td>Grupa po klikni\u0119ciu<\/td><\/tr><tr><td>Optimum Pay Group<\/td><\/tr><tr><td>Grupa Orbital<\/td><\/tr><tr><td>Parasol Ovations<\/td><\/tr><tr><td>Parasolka Paico<\/td><\/tr><tr><td>Paybrella<\/td><\/tr><tr><td>Payme<\/td><\/tr><tr><td>Pendragon<\/td><\/tr><tr><td>Ludzie<\/td><\/tr><tr><td>Plus<\/td><\/tr><tr><td>Propaye<\/td><\/tr><tr><td>Quay Umbrella Solutios<\/td><\/tr><tr><td>Reliasys<\/td><\/tr><tr><td>Us\u0142ugi Ricson<\/td><\/tr><tr><td>RM Business<\/td><\/tr><tr><td>Parasol SDP (Same Day Pay)<\/td><\/tr><tr><td>SJ Pay<\/td><\/tr><tr><td>Praca socjalna S\u0142u\u017cby zatrudnienia<\/td><\/tr><tr><td>Swann Accountants<\/td><\/tr><tr><td>Team Platinum Umbrella<\/td><\/tr><tr><td>Sp\u00f3\u0142dzielnia wykonawc\u00f3w<\/td><\/tr><tr><td>TJW<\/td><\/tr><tr><td>Ultra<\/td><\/tr><tr><td>Unicorn Development Solutions<\/td><\/tr><tr><td>Parasol uniwersalny<\/td><\/tr><tr><td>Parasol Westlakes<\/td><\/tr><\/tbody><\/table><\/figure>\n\n\n\n<p>Stworzyli\u015bmy t\u0119 list\u0119 w dobrej wierze na podstawie publicznie dost\u0119pnych informacji.  Powy\u017csza lista Paszport\u00f3w Zawodowych by\u0142a poprawna w momencie publikacji, ale mo\u017ce si\u0119 zmieni\u0107 w czasie, zawsze zalecamy sprawdzenie w rejestrze Paszport\u00f3w Zawodowych, aby upewni\u0107 si\u0119 co do akredytacji przed zaanga\u017cowaniem us\u0142ug jakiejkolwiek firmy parasolowej, kt\u00f3ra twierdzi, \u017ce jest cz\u0142onkiem PP. <\/p>","protected":false},"excerpt":{"rendered":"<p>Szukasz profesjonalnego parasola paszportowego? Agencja PSL nalega na korzystanie z firm parasolowych, kt\u00f3re posiadaj\u0105 akredytacj\u0119 Paszport Zawodowy? Poni\u017csza lista zawiera szczeg\u00f3\u0142owe informacje na temat firm parasolowych akredytowanych przez Professional Passport, kt\u00f3re powinny by\u0107 w stanie Ci pom\u00f3c.<\/p>","protected":false},"author":1,"featured_media":0,"parent":0,"menu_order":0,"comment_status":"closed","ping_status":"closed","template":"","meta":{"footnotes":""},"class_list":["post-98","page","type-page","status-publish","hentry"],"_links":{"self":[{"href":"https:\/\/www.umbrella-company.uk\/pl\/wp-json\/wp\/v2\/pages\/98","targetHints":{"allow":["GET"]}}],"collection":[{"href":"https:\/\/www.umbrella-company.uk\/pl\/wp-json\/wp\/v2\/pages"}],"about":[{"href":"https:\/\/www.umbrella-company.uk\/pl\/wp-json\/wp\/v2\/types\/page"}],"author":[{"embeddable":true,"href":"https:\/\/www.umbrella-company.uk\/pl\/wp-json\/wp\/v2\/users\/1"}],"replies":[{"embeddable":true,"href":"https:\/\/www.umbrella-company.uk\/pl\/wp-json\/wp\/v2\/comments?post=98"}],"version-history":[{"count":0,"href":"https:\/\/www.umbrella-company.uk\/pl\/wp-json\/wp\/v2\/pages\/98\/revisions"}],"wp:attachment":[{"href":"https:\/\/www.umbrella-company.uk\/pl\/wp-json\/wp\/v2\/media?parent=98"}],"curies":[{"name":"wp","href":"https:\/\/api.w.org\/{rel}","templated":true}]}}